{"id":1330,"date":"2020-04-09T08:55:50","date_gmt":"2020-04-09T06:55:50","guid":{"rendered":"http:\/\/aquaparksopot.pl\/\/?page_id=1330"},"modified":"2021-11-02T11:15:27","modified_gmt":"2021-11-02T10:15:27","slug":"nowe-zasady-bezpieczenstwa","status":"publish","type":"page","link":"https:\/\/aquaparksopot.pl\/en\/informacje\/nowe-zasady-bezpieczenstwa\/","title":{"rendered":"Safety rules"},"content":{"rendered":"<p>The situation is dynamic. We are adapting our offer and procedures to changing regulations. In addition to the rules and regulations of the facility, new safety rules apply at the Aquapark: e.g. maintaining a 2-metre distance and covering your nose and mouth in the lobby and changing rooms. There is a hand disinfection dispenser at the main entrance to the Aquapark. There are dispensers for contact-free hand disinfection at all sensitive points, such as bars or the entrance to changing rooms and toilets. Our guests are also encouraged to use cashless payment methods, such as purchasing tickets online at <a href=\"http:\/\/aquaparksopot.pl\/en\/\">www.aquaparksopot.pl<\/a> .<\/p>\n<p>Unexpected interruption of operations\u00a0<a href=\"https:\/\/www.facebook.com\/AquaparkSopot\/?__tn__=K-R&amp;eid=ARAkm6bC-0KEUhqXnUEDumGIsfvJgcsiRm6WmTxUOQhV_6JyD6Gh8Z4hlCSHNbgt8PyL5nVJKQAe1IpC&amp;fref=mentions&amp;__xts__%5B0%5D=68.ARAQeUkOI9mdCoWEamwfCtqItnI_2gFai6Lle85vNvzfFMSTeq6TPQlY1BXOT3cQEANIzrQB6v7kPkPVYkqD7KjTaZDHQjDf6CTIBNF6CZOv3D9J3TM2iWk7AIbTVE4g-Bzi1hLovIohXU5jgDem5_LIxthNtZQO8Ui7oPHDRnlBdkkn63nzm1yZUddxlhqU6a8AF9yPcx2M6m9sMnfhpeXG4lvJhHu8gSoaBsahqFDjtfcMaUxvIESC3DvaCoMLWgFx_oCTb-OoF4zCk4CJju9qDTe6T1xPA75Vab0sAMPkAZ5SdQ3w5Uw1bfbCjeLAXr9UwMj6TlGJZaWOxLaB_ttlDUbwEsZc-BulLhSNb_LN_gS-713VNe1nicTRNXI24Sm2H4gKsTsqOw_yZlkvQq_9--C70PJcXPY8KRJ_MCkCQwo\">Aquapark<\/a>\u00a0we used to carry out maintenance, cleaning and disinfection work, and we changed the water in the pools. Our Cleaning Service makes sure we are clean and safe around the clock. We have developed new procedures for cleaning and disinfecting every area of the Aquapark so that our guests feel comfortable.<\/p>\n<p>The National Institute of Public Health - National Institute of Hygiene says that there is no risk of infection from the water in a swimming pool or hot tub, provided, of course, that it is properly disinfected.  The water in our pools is free of microbiological and chemical contamination. A sodium hypochlorite solution is used for disinfection. In accordance with the Regulation of the Minister of Health, we perform systematic tests of water quality in accordance with the schedule set by the authorities of the State Sanitary Inspection. Information on the quality of the water in our pools can be found at.<\/p>\n<p>We are convinced that with these measures we can ensure safe relaxation for our guests at Aquapark Sopot. You are welcome to visit us every day between 8.00 am and 10.00 pm.<\/p>","protected":false},"excerpt":{"rendered":"<p>Sytuacja jest dynamiczna. Dostosowujemy ofert\u0119 i procedury do zmieniaj\u0105cych si\u0119 przepis\u00f3w. Na terenie Aquaparku poza regulaminem obiektu obowi\u0105zuj\u0105 nowe zasady bezpiecze\u0144stwa: np. zachowanie 2 metrowego odst\u0119pu oraz zas\u0142anianie nosa i ust w holu i szatniach. Przy g\u0142\u00f3wnym wej\u015bciu do Aquaparku znajduje si\u0119 dystrybutor do dezynfekcji r\u0105k. We wszystkich newralgicznych punktach, takich jak bary czy wej\u015bcie [&hellip;]<\/p>\n","protected":false},"author":9,"featured_media":0,"parent":496,"menu_order":0,"comment_status":"closed","ping_status":"closed","template":"","meta":{"_acf_changed":false,"footnotes":""},"class_list":["post-1330","page","type-page","status-publish","hentry"],"acf":[],"aioseo_notices":[],"_links":{"self":[{"href":"https:\/\/aquaparksopot.pl\/en\/wp-json\/wp\/v2\/pages\/1330","targetHints":{"allow":["GET"]}}],"collection":[{"href":"https:\/\/aquaparksopot.pl\/en\/wp-json\/wp\/v2\/pages"}],"about":[{"href":"https:\/\/aquaparksopot.pl\/en\/wp-json\/wp\/v2\/types\/page"}],"author":[{"embeddable":true,"href":"https:\/\/aquaparksopot.pl\/en\/wp-json\/wp\/v2\/users\/9"}],"replies":[{"embeddable":true,"href":"https:\/\/aquaparksopot.pl\/en\/wp-json\/wp\/v2\/comments?post=1330"}],"version-history":[{"count":13,"href":"https:\/\/aquaparksopot.pl\/en\/wp-json\/wp\/v2\/pages\/1330\/revisions"}],"predecessor-version":[{"id":3938,"href":"https:\/\/aquaparksopot.pl\/en\/wp-json\/wp\/v2\/pages\/1330\/revisions\/3938"}],"up":[{"embeddable":true,"href":"https:\/\/aquaparksopot.pl\/en\/wp-json\/wp\/v2\/pages\/496"}],"wp:attachment":[{"href":"https:\/\/aquaparksopot.pl\/en\/wp-json\/wp\/v2\/media?parent=1330"}],"curies":[{"name":"wp","href":"https:\/\/api.w.org\/{rel}","templated":true}]}}