{"id":1493,"date":"2020-04-27T11:18:25","date_gmt":"2020-04-27T09:18:25","guid":{"rendered":"http:\/\/aquaparksopot.pl\/\/?page_id=1493"},"modified":"2026-03-16T07:44:03","modified_gmt":"2026-03-16T06:44:03","slug":"rezerwacja-zabiegow-spa","status":"publish","type":"page","link":"https:\/\/aquaparksopot.pl\/en\/rezerwacja-zabiegow-spa\/","title":{"rendered":"Booking of spa treatments"},"content":{"rendered":"<p>For clients using only Spa treatments, there is an additional ticket for PLN 1 which allows access to the wellness area for 15 minutes. Time is kept during treatments. A surcharge of PLN 2 per minute exceeded.<\/p>\n<p>The Spa and Sauna area is open to adults only.<\/p>","protected":false},"excerpt":{"rendered":"<p>Dla Klient\u00f3w korzystaj\u0105cych wy\u0142\u0105cznie z zabieg\u00f3w Spa dodatkowo obowi\u0105zuje bilet za 1 z\u0142, kt\u00f3ry umo\u017cliwia wst\u0119p na teren odnowy biologicznej na 15 minut. Podczas trwania zabieg\u00f3w zatrzymywany jest czas. Dop\u0142ata za ka\u017cd\u0105 przekroczon\u0105 minut\u0119 2 z\u0142. Strefa Spa oraz Saun jest dost\u0119pna tylko dla os\u00f3b pe\u0142noletnich.<\/p>","protected":false},"author":9,"featured_media":0,"parent":0,"menu_order":0,"comment_status":"closed","ping_status":"closed","template":"","meta":{"_acf_changed":false,"footnotes":""},"class_list":["post-1493","page","type-page","status-publish","hentry"],"acf":[],"aioseo_notices":[],"_links":{"self":[{"href":"https:\/\/aquaparksopot.pl\/en\/wp-json\/wp\/v2\/pages\/1493","targetHints":{"allow":["GET"]}}],"collection":[{"href":"https:\/\/aquaparksopot.pl\/en\/wp-json\/wp\/v2\/pages"}],"about":[{"href":"https:\/\/aquaparksopot.pl\/en\/wp-json\/wp\/v2\/types\/page"}],"author":[{"embeddable":true,"href":"https:\/\/aquaparksopot.pl\/en\/wp-json\/wp\/v2\/users\/9"}],"replies":[{"embeddable":true,"href":"https:\/\/aquaparksopot.pl\/en\/wp-json\/wp\/v2\/comments?post=1493"}],"version-history":[{"count":13,"href":"https:\/\/aquaparksopot.pl\/en\/wp-json\/wp\/v2\/pages\/1493\/revisions"}],"predecessor-version":[{"id":8998,"href":"https:\/\/aquaparksopot.pl\/en\/wp-json\/wp\/v2\/pages\/1493\/revisions\/8998"}],"wp:attachment":[{"href":"https:\/\/aquaparksopot.pl\/en\/wp-json\/wp\/v2\/media?parent=1493"}],"curies":[{"name":"wp","href":"https:\/\/api.w.org\/{rel}","templated":true}]}}