{"id":3198,"date":"2021-06-07T08:09:05","date_gmt":"2021-06-07T06:09:05","guid":{"rendered":"http:\/\/aquaparksopot.pl\/?page_id=3198"},"modified":"2026-03-03T12:05:21","modified_gmt":"2026-03-03T11:05:21","slug":"bilety-grupowe","status":"publish","type":"page","link":"https:\/\/aquaparksopot.pl\/en\/bilety-grupowe\/","title":{"rendered":"Group Tickets"},"content":{"rendered":"<h6><span style=\"color: #ff0000;\">Offer valid: 02.03.-31.05.2026 r.<\/span><\/h6>\n<h6 style=\"text-align: center;\"><strong>Group entry from 15 people. <\/strong><strong>The chaperone of a group of up to 15 children enters the pool free of charge, <\/strong><\/h6>\n<h6 style=\"text-align: center;\"><strong>the next carer buys a 3-hour normal ticket according to the price list<\/strong><\/h6>\n<h6 style=\"text-align: center;\"><span style=\"color: #333333;\">Daily<\/span><\/h6>\n<h6 style=\"text-align: center;\"><span style=\"color: #333333;\">concession ticket 3h<\/span><\/h6>\n<h6 style=\"text-align: center;\"><span style=\"color: #333333;\">85 z\u0142<\/span><\/h6>\n<p style=\"text-align: center;\">(price per person)<\/p>\n<p>&nbsp;<\/p>\n<style type=\"text\/css\">\n#foogallery-gallery-4970 .fg-image { width: 300px; }\n#foogallery-gallery-4970 { --fg-gutter: 10px; }<\/style>\n\t\t\t<div class=\"foogallery foogallery-container foogallery-default foogallery-lightbox-foobox fg-center fg-default fg-ready fg-light fg-border-thin fg-shadow-outline fg-loading-default fg-loaded-fade-in fg-caption-hover fg-hover-fade fg-hover-zoom\" id=\"foogallery-gallery-4970\" data-foogallery=\"{&quot;item&quot;:{&quot;showCaptionTitle&quot;:true,&quot;showCaptionDescription&quot;:true},&quot;lazy&quot;:true}\" style=\"--fg-title-line-clamp: 0; --fg-description-line-clamp: 0;\" >\n\t<div class=\"fg-item fg-type-image fg-idle\"><figure class=\"fg-item-inner\"><a href=\"https:\/\/aquaparksopot.pl\/wp-content\/uploads\/2022\/04\/DSC00061-scaled.jpg\" data-attachment-id=\"4801\" data-type=\"image\" class=\"fg-thumb\"><span class=\"fg-image-wrap\"><img fetchpriority=\"high\" decoding=\"async\" width=\"300\" height=\"300\" class=\"skip-lazy fg-image\" data-src-fg=\"https:\/\/aquaparksopot.pl\/wp-content\/uploads\/cache\/2022\/04\/DSC00061-scaled\/4910468.jpg\" src=\"data:image\/svg+xml,%3Csvg%20xmlns%3D%22http%3A%2F%2Fwww.w3.org%2F2000%2Fsvg%22%20width%3D%22300%22%20height%3D%22300%22%20viewBox%3D%220%200%20300%20300%22%3E%3C%2Fsvg%3E\" loading=\"eager\"><\/span><span class=\"fg-image-overlay\"><\/span><\/a><\/figure><div class=\"fg-loader\"><\/div><\/div><div class=\"fg-item fg-type-image fg-idle\"><figure class=\"fg-item-inner\"><a href=\"https:\/\/aquaparksopot.pl\/wp-content\/uploads\/2022\/03\/DSC02526_aquaparkMB2018-scaled.jpg\" data-attachment-id=\"4681\" data-type=\"image\" class=\"fg-thumb\"><span class=\"fg-image-wrap\"><img decoding=\"async\" width=\"300\" height=\"300\" class=\"skip-lazy fg-image\" data-src-fg=\"https:\/\/aquaparksopot.pl\/wp-content\/uploads\/cache\/2022\/03\/DSC02526_aquaparkMB2018-scaled\/928520458.jpg\" src=\"data:image\/svg+xml,%3Csvg%20xmlns%3D%22http%3A%2F%2Fwww.w3.org%2F2000%2Fsvg%22%20width%3D%22300%22%20height%3D%22300%22%20viewBox%3D%220%200%20300%20300%22%3E%3C%2Fsvg%3E\" loading=\"eager\"><\/span><span class=\"fg-image-overlay\"><\/span><\/a><\/figure><div class=\"fg-loader\"><\/div><\/div><div class=\"fg-item fg-type-image fg-idle\"><figure class=\"fg-item-inner\"><a href=\"https:\/\/aquaparksopot.pl\/wp-content\/uploads\/2020\/04\/AQUAPARK_037-scaled.jpg\" data-attachment-id=\"951\" data-type=\"image\" class=\"fg-thumb\"><span class=\"fg-image-wrap\"><img decoding=\"async\" width=\"300\" height=\"300\" class=\"skip-lazy fg-image\" data-src-fg=\"https:\/\/aquaparksopot.pl\/wp-content\/uploads\/cache\/2020\/04\/AQUAPARK_037-scaled\/1383301013.jpg\" src=\"data:image\/svg+xml,%3Csvg%20xmlns%3D%22http%3A%2F%2Fwww.w3.org%2F2000%2Fsvg%22%20width%3D%22300%22%20height%3D%22300%22%20viewBox%3D%220%200%20300%20300%22%3E%3C%2Fsvg%3E\" loading=\"eager\"><\/span><span class=\"fg-image-overlay\"><\/span><\/a><\/figure><div class=\"fg-loader\"><\/div><\/div><\/div>\n\n<p style=\"text-align: center;\">During your stay at the pools, it is possible to use the bar in the pool hall.<\/p>\n<p style=\"text-align: center;\">Orders can only be made by the group chaperone - payment upon settlement at the box office.<\/p>\n<p style=\"text-align: center;\">We invite you to take advantage of our offer of lunch sets for groups.<\/p>\n<p style=\"text-align: center;\">Kits are provided in the application - consumption follows a stay at the pools.<\/p>\n<p style=\"text-align: center;\">*Promotions do not combine<\/p>\n<style type=\"text\/css\">\n#foogallery-gallery-4971 .fg-image { width: 200px; }\n#foogallery-gallery-4971 { --fg-gutter: 10px; }<\/style>\n\t\t\t<div class=\"foogallery foogallery-container foogallery-default foogallery-lightbox-foobox fg-center fg-default fg-ready fg-light fg-border-thin fg-shadow-outline fg-loading-default fg-loaded-fade-in fg-caption-hover fg-hover-fade fg-hover-zoom\" id=\"foogallery-gallery-4971\" data-foogallery=\"{&quot;item&quot;:{&quot;showCaptionTitle&quot;:true,&quot;showCaptionDescription&quot;:true},&quot;lazy&quot;:true}\" style=\"--fg-title-line-clamp: 0; --fg-description-line-clamp: 0;\" >\n\t<div class=\"fg-item fg-type-image fg-idle\"><figure class=\"fg-item-inner\"><a href=\"https:\/\/aquaparksopot.pl\/wp-content\/uploads\/2022\/04\/DSC02480-scaled.jpg\" data-attachment-id=\"4765\" data-type=\"image\" class=\"fg-thumb\"><span class=\"fg-image-wrap\"><img decoding=\"async\" width=\"200\" height=\"200\" class=\"skip-lazy fg-image\" data-src-fg=\"https:\/\/aquaparksopot.pl\/wp-content\/uploads\/cache\/2022\/04\/DSC02480-scaled\/2195658994.jpg\" src=\"data:image\/svg+xml,%3Csvg%20xmlns%3D%22http%3A%2F%2Fwww.w3.org%2F2000%2Fsvg%22%20width%3D%22200%22%20height%3D%22200%22%20viewBox%3D%220%200%20200%20200%22%3E%3C%2Fsvg%3E\" loading=\"eager\"><\/span><span class=\"fg-image-overlay\"><\/span><\/a><\/figure><div class=\"fg-loader\"><\/div><\/div><div class=\"fg-item fg-type-image fg-idle\"><figure class=\"fg-item-inner\"><a href=\"https:\/\/aquaparksopot.pl\/wp-content\/uploads\/2022\/04\/DSC02240-scaled.jpg\" data-attachment-id=\"4761\" data-type=\"image\" class=\"fg-thumb\"><span class=\"fg-image-wrap\"><img decoding=\"async\" width=\"200\" height=\"200\" class=\"skip-lazy fg-image\" data-src-fg=\"https:\/\/aquaparksopot.pl\/wp-content\/uploads\/cache\/2022\/04\/DSC02240-scaled\/3985747960.jpg\" src=\"data:image\/svg+xml,%3Csvg%20xmlns%3D%22http%3A%2F%2Fwww.w3.org%2F2000%2Fsvg%22%20width%3D%22200%22%20height%3D%22200%22%20viewBox%3D%220%200%20200%20200%22%3E%3C%2Fsvg%3E\" loading=\"eager\"><\/span><span class=\"fg-image-overlay\"><\/span><\/a><\/figure><div class=\"fg-loader\"><\/div><\/div><div class=\"fg-item fg-type-image fg-idle\"><figure class=\"fg-item-inner\"><a href=\"https:\/\/aquaparksopot.pl\/wp-content\/uploads\/2022\/04\/DSC02175-scaled.jpg\" data-attachment-id=\"4760\" data-type=\"image\" class=\"fg-thumb\"><span class=\"fg-image-wrap\"><img decoding=\"async\" width=\"200\" height=\"200\" class=\"skip-lazy fg-image\" data-src-fg=\"https:\/\/aquaparksopot.pl\/wp-content\/uploads\/cache\/2022\/04\/DSC02175-scaled\/1378503127.jpg\" src=\"data:image\/svg+xml,%3Csvg%20xmlns%3D%22http%3A%2F%2Fwww.w3.org%2F2000%2Fsvg%22%20width%3D%22200%22%20height%3D%22200%22%20viewBox%3D%220%200%20200%20200%22%3E%3C%2Fsvg%3E\" loading=\"eager\"><\/span><span class=\"fg-image-overlay\"><\/span><\/a><\/figure><div class=\"fg-loader\"><\/div><\/div><div class=\"fg-item fg-type-image fg-idle\"><figure class=\"fg-item-inner\"><a href=\"https:\/\/aquaparksopot.pl\/wp-content\/uploads\/2022\/04\/DSC02291-scaled.jpg\" data-attachment-id=\"4762\" data-type=\"image\" class=\"fg-thumb\"><span class=\"fg-image-wrap\"><img decoding=\"async\" width=\"200\" height=\"200\" class=\"skip-lazy fg-image\" data-src-fg=\"https:\/\/aquaparksopot.pl\/wp-content\/uploads\/cache\/2022\/04\/DSC02291-scaled\/2632116350.jpg\" src=\"data:image\/svg+xml,%3Csvg%20xmlns%3D%22http%3A%2F%2Fwww.w3.org%2F2000%2Fsvg%22%20width%3D%22200%22%20height%3D%22200%22%20viewBox%3D%220%200%20200%20200%22%3E%3C%2Fsvg%3E\" loading=\"eager\"><\/span><span class=\"fg-image-overlay\"><\/span><\/a><\/figure><div class=\"fg-loader\"><\/div><\/div><\/div>\n\n<p style=\"text-align: left;\"><strong>Please book and <\/strong><strong>written confirmation of arrival notification:<\/strong><\/p>\n<p style=\"text-align: left;\"><strong>Customer Service Office<\/strong><\/p>\n<p style=\"text-align: left;\"><a href=\"mailto:bok@aquaparksopot.pl\"><strong>bok@aquaparksopot.pl<\/strong><\/a><\/p>\n<p style=\"text-align: left;\"><strong>\u00a0<a href=\"tel:+48501194193\">+48 501 194 193<\/a><\/strong><\/p>\n<p>&nbsp;<\/p>\n<p><a href=\"http:\/\/aquaparksopot.pl\/wp-content\/uploads\/2026\/03\/Zgloszenie-przyjazdu-grupowego-od-02.03.2026-do-31.05.2026.docx\">Registration of group arrivals from 02.03.2026 to 31.05.2026<\/a><\/p>\n<p><a href=\"http:\/\/aquaparksopot.pl\/wp-content\/uploads\/2026\/03\/ZGLOSZENIE-PRZYJAZDU-GRUPOWEGO-obiady-od-02.03.2026-do-31.05.2026.docx\">Submit lunches for the group. Offer valid from 02.03.2026 to 31.05.2026<\/a><\/p>\n<p>&nbsp;<\/p>\n<p>&nbsp;<\/p>\n<p>&nbsp;<\/p>","protected":false},"excerpt":{"rendered":"<p>Oferta obowi\u0105zuje: 02.03.-31.05.2026 r. Wej\u015bcie grupowe od 15 os\u00f3b. Opiekun grupy do 15 dzieci wchodzi na basen bezp\u0142atnie, kolejny opiekun kupuje bilet 3 h normalny wed\u0142ug cennika Codziennie bilet ulgowy 3h 85 z\u0142 (cena od osoby) &nbsp; W czasie pobytu na basenach istnieje mo\u017cliwo\u015b\u0107 skorzystania z baru na hali basenowej. Zam\u00f3wie\u0144 mo\u017ce dokonywa\u0107 tylko opiekun [&hellip;]<\/p>\n","protected":false},"author":9,"featured_media":0,"parent":0,"menu_order":0,"comment_status":"closed","ping_status":"closed","template":"","meta":{"_acf_changed":false,"footnotes":""},"class_list":["post-3198","page","type-page","status-publish","hentry"],"acf":[],"aioseo_notices":[],"_links":{"self":[{"href":"https:\/\/aquaparksopot.pl\/en\/wp-json\/wp\/v2\/pages\/3198","targetHints":{"allow":["GET"]}}],"collection":[{"href":"https:\/\/aquaparksopot.pl\/en\/wp-json\/wp\/v2\/pages"}],"about":[{"href":"https:\/\/aquaparksopot.pl\/en\/wp-json\/wp\/v2\/types\/page"}],"author":[{"embeddable":true,"href":"https:\/\/aquaparksopot.pl\/en\/wp-json\/wp\/v2\/users\/9"}],"replies":[{"embeddable":true,"href":"https:\/\/aquaparksopot.pl\/en\/wp-json\/wp\/v2\/comments?post=3198"}],"version-history":[{"count":106,"href":"https:\/\/aquaparksopot.pl\/en\/wp-json\/wp\/v2\/pages\/3198\/revisions"}],"predecessor-version":[{"id":8967,"href":"https:\/\/aquaparksopot.pl\/en\/wp-json\/wp\/v2\/pages\/3198\/revisions\/8967"}],"wp:attachment":[{"href":"https:\/\/aquaparksopot.pl\/en\/wp-json\/wp\/v2\/media?parent=3198"}],"curies":[{"name":"wp","href":"https:\/\/api.w.org\/{rel}","templated":true}]}}