{"id":379,"date":"2020-03-23T12:48:37","date_gmt":"2020-03-23T11:48:37","guid":{"rendered":"http:\/\/aquaparksopot.pl\/\/?page_id=379"},"modified":"2022-04-11T13:07:56","modified_gmt":"2022-04-11T11:07:56","slug":"baseny-rekreacyjne","status":"publish","type":"page","link":"https:\/\/aquaparksopot.pl\/en\/aquapark\/baseny\/baseny-rekreacyjne\/","title":{"rendered":"Leisure pools"},"content":{"rendered":"<p>The main part of the Sopot Aquapark consists of pools of various sizes connected by flow channels and bridges, allowing free movement of guests staying in the pool area. Attractions available a leisure pool with massage loungers, a grotto with a waterfall and an outflow to the outdoor pool, a four-lane para-swimming pool, an outdoor leisure pool with an installed structure for interactive games for children with an eight-metre slide with three lanes (open in the summer season), a leisure pool with water spouts, whirlpools, a paddling pool for children with a water cannon, toddler slides and geysers, a year-round outdoor pool connected to the indoor leisure pool by a flow channel, two tube slides (Familijna and Turbo) and a Wild River.<\/p>","protected":false},"excerpt":{"rendered":"<p>G\u0142\u00f3wn\u0105 cz\u0119\u015b\u0107 Sopockiego Aquaparku stanowi\u0105 r\u00f3\u017cnej wielko\u015bci baseny po\u0142\u0105czone kana\u0142ami przep\u0142ywowymi oraz mostkami, pozwalaj\u0105cymi na swobodne przemieszczanie si\u0119 go\u015bci przebywaj\u0105cych w strefie basenowej. Atrakcje do dyspozycji: basen rekreacyjny z le\u017cankami do masa\u017cu, grota z wodospadem i wyp\u0142ywem na basen zewn\u0119trzny, czterotorowy basen parap\u0142ywacki, zewn\u0119trzny basen rekreacyjny z zainstalowan\u0105 konstrukcj\u0105 do interaktywnych zabaw dla dzieci z [&hellip;]<\/p>\n","protected":false},"author":9,"featured_media":0,"parent":356,"menu_order":0,"comment_status":"closed","ping_status":"closed","template":"page-aquapark-single.php","meta":{"_acf_changed":false,"footnotes":""},"class_list":["post-379","page","type-page","status-publish","hentry"],"acf":[],"aioseo_notices":[],"_links":{"self":[{"href":"https:\/\/aquaparksopot.pl\/en\/wp-json\/wp\/v2\/pages\/379","targetHints":{"allow":["GET"]}}],"collection":[{"href":"https:\/\/aquaparksopot.pl\/en\/wp-json\/wp\/v2\/pages"}],"about":[{"href":"https:\/\/aquaparksopot.pl\/en\/wp-json\/wp\/v2\/types\/page"}],"author":[{"embeddable":true,"href":"https:\/\/aquaparksopot.pl\/en\/wp-json\/wp\/v2\/users\/9"}],"replies":[{"embeddable":true,"href":"https:\/\/aquaparksopot.pl\/en\/wp-json\/wp\/v2\/comments?post=379"}],"version-history":[{"count":12,"href":"https:\/\/aquaparksopot.pl\/en\/wp-json\/wp\/v2\/pages\/379\/revisions"}],"predecessor-version":[{"id":4806,"href":"https:\/\/aquaparksopot.pl\/en\/wp-json\/wp\/v2\/pages\/379\/revisions\/4806"}],"up":[{"embeddable":true,"href":"https:\/\/aquaparksopot.pl\/en\/wp-json\/wp\/v2\/pages\/356"}],"wp:attachment":[{"href":"https:\/\/aquaparksopot.pl\/en\/wp-json\/wp\/v2\/media?parent=379"}],"curies":[{"name":"wp","href":"https:\/\/api.w.org\/{rel}","templated":true}]}}