{"id":8780,"date":"2025-12-01T08:02:54","date_gmt":"2025-12-01T07:02:54","guid":{"rendered":"https:\/\/aquaparksopot.pl\/?page_id=8780"},"modified":"2025-12-01T08:02:54","modified_gmt":"2025-12-01T07:02:54","slug":"oferta-spa-nowosc","status":"publish","type":"page","link":"https:\/\/aquaparksopot.pl\/en\/oferta-spa-nowosc\/","title":{"rendered":"Spa offer - new"},"content":{"rendered":"<h6 style=\"text-align: center;\">At AquaSpa, we focus on attentive body work - unhurried, with presence and sensitivity.<br \/>\nWe combine conscious touch with the beneficial power of sauna heat and care based on natural oils and cosmetics.<\/h6>\n<p><strong>BODY MASSAGES<\/strong><br \/>\nrelaxation - deep relaxation - conscious touch<\/p>\n<div  class=\"lgc-column lgc-grid-parent lgc-grid-50 lgc-tablet-grid-50 lgc-mobile-grid-100 lgc-equal-heights\"><div  class=\"inside-grid-column\">\n<h6>Partial classical massage<\/h6>\n<p><strong>30 min, \u00a3120<\/strong><\/p>\n<p>Focused on selected parts of the body, usually the back and neck or legs. Brings rapid relief from muscle tension and improves circulation. Ideal for those in need of regeneration in a short period of time.<\/p>\n<p><\/p><\/div><\/div>\n<div  class=\"lgc-column lgc-grid-parent lgc-grid-50 lgc-tablet-grid-50 lgc-mobile-grid-100 lgc-equal-heights\"><div  class=\"inside-grid-column\">\n<h6>Classical massage<\/h6>\n<p><strong>60 min, \u00a3210<\/strong><\/p>\n<p>Classic doesn't mean boring - It helps to reduce tension, speeds up recovery after exercise and supports the overall fitness of the body. It is a massage that strengthens the body and brings real relief.<\/p>\n<p><\/p><\/div><\/div>\n<div  class=\"lgc-column lgc-grid-parent lgc-grid-50 lgc-tablet-grid-50 lgc-mobile-grid-100 lgc-equal-heights\"><div  class=\"inside-grid-column\">\n<h6>Therapeutic\/deep massage<\/h6>\n<p><strong>60 min, \u00a3230 or 75 min, \u00a3290<\/strong><\/p>\n<p>Massage aimed at relaxing deeply tense muscles. Reduces pain and promotes regeneration of the musculoskeletal system. Combination of classical massage, deep tissue massage and fascial therapy.<br \/>\n* The massage works intensely on the muscles, but is performed in a way that is adapted to the client's sensations and comfort - it is not intended to cause pain.<\/p>\n<p><\/p><\/div><\/div>\n<div  class=\"lgc-column lgc-grid-parent lgc-grid-50 lgc-tablet-grid-50 lgc-mobile-grid-100 lgc-equal-heights\"><div  class=\"inside-grid-column\">\n<h6>Relaxation massage with aromatherapy<\/h6>\n<p><strong>50 min, 190 z\u0142<\/strong><\/p>\n<p>Combines fluid movements with the soothing power of natural essential oils. Helps reduce stress, calms the mind and induces a state of deep relaxation.<br \/>\n*before the treatment, you choose which oil you want to use today.<\/p>\n<p><\/p><\/div><\/div>\n<div  class=\"lgc-column lgc-grid-parent lgc-grid-50 lgc-tablet-grid-50 lgc-mobile-grid-100 lgc-equal-heights\"><div  class=\"inside-grid-column\">\n<h6><strong>Relaxation massage with aromatherapy and head massage <\/strong><\/h6>\n<p><strong>75 min, \u00a3290<\/strong><\/p>\n<p>It relieves stress, relaxes tensions and induces a state of deep relaxation. Natural essential oils soothe the senses and the head massage brings a feeling of lightness and calm.<br \/>\n*before the treatment, you choose which oil you want to use today.<\/p>\n<p><\/p><\/div><\/div>\n<div  class=\"lgc-column lgc-grid-parent lgc-grid-50 lgc-tablet-grid-50 lgc-mobile-grid-100 lgc-equal-heights\"><div  class=\"inside-grid-column\">\n<h6>Hot candle massage<\/h6>\n<p><strong>60 min, \u00a3250<\/strong><\/p>\n<p>This unique massage combines heat, scent and touch into one enveloping whole. The liquid wax of the candle nourishes the skin while the gentle massage relaxes tensions for complete relaxation and a feeling of comfort.<\/p>\n<p><\/p><\/div><\/div>\n<div  class=\"lgc-column lgc-grid-parent lgc-grid-50 lgc-tablet-grid-50 lgc-mobile-grid-100 lgc-equal-heights\"><div  class=\"inside-grid-column\">\n<p><\/p><\/div><\/div>\n<style type=\"text\/css\">\n#foogallery-gallery-6711 .fg-image { width: 350px; }\n#foogallery-gallery-6711 { --fg-gutter: 10px; }<\/style>\n\t\t\t<div class=\"foogallery foogallery-container foogallery-default foogallery-lightbox-foobox fg-center fg-default fg-ready fg-light fg-border-thin fg-shadow-outline fg-loading-default fg-loaded-fade-in fg-caption-hover fg-hover-fade fg-hover-zoom\" id=\"foogallery-gallery-6711\" data-foogallery=\"{&quot;item&quot;:{&quot;showCaptionTitle&quot;:true,&quot;showCaptionDescription&quot;:true},&quot;lazy&quot;:true}\" style=\"--fg-title-line-clamp: 0; --fg-description-line-clamp: 0;\" >\n\t<div class=\"fg-item fg-type-image fg-idle\"><figure class=\"fg-item-inner\"><a href=\"https:\/\/aquaparksopot.pl\/wp-content\/uploads\/2022\/01\/DSC_0082-scaled.jpg\" data-attachment-id=\"4329\" data-type=\"image\" class=\"fg-thumb\"><span class=\"fg-image-wrap\"><img fetchpriority=\"high\" decoding=\"async\" width=\"350\" height=\"350\" class=\"skip-lazy fg-image\" data-src-fg=\"https:\/\/aquaparksopot.pl\/wp-content\/uploads\/cache\/2022\/01\/DSC_0082-scaled\/906200809.jpg\" src=\"data:image\/svg+xml,%3Csvg%20xmlns%3D%22http%3A%2F%2Fwww.w3.org%2F2000%2Fsvg%22%20width%3D%22350%22%20height%3D%22350%22%20viewBox%3D%220%200%20350%20350%22%3E%3C%2Fsvg%3E\" loading=\"eager\"><\/span><span class=\"fg-image-overlay\"><\/span><\/a><\/figure><div class=\"fg-loader\"><\/div><\/div><div class=\"fg-item fg-type-image fg-idle\"><figure class=\"fg-item-inner\"><a href=\"https:\/\/aquaparksopot.pl\/wp-content\/uploads\/2022\/04\/DSC00489-scaled.jpg\" data-attachment-id=\"4753\" data-type=\"image\" class=\"fg-thumb\"><span class=\"fg-image-wrap\"><img decoding=\"async\" width=\"350\" height=\"350\" class=\"skip-lazy fg-image\" data-src-fg=\"https:\/\/aquaparksopot.pl\/wp-content\/uploads\/cache\/2022\/04\/DSC00489-scaled\/1606416765.jpg\" src=\"data:image\/svg+xml,%3Csvg%20xmlns%3D%22http%3A%2F%2Fwww.w3.org%2F2000%2Fsvg%22%20width%3D%22350%22%20height%3D%22350%22%20viewBox%3D%220%200%20350%20350%22%3E%3C%2Fsvg%3E\" loading=\"eager\"><\/span><span class=\"fg-image-overlay\"><\/span><\/a><\/figure><div class=\"fg-loader\"><\/div><\/div><div class=\"fg-item fg-type-image fg-idle\"><figure class=\"fg-item-inner\"><a href=\"https:\/\/aquaparksopot.pl\/wp-content\/uploads\/2022\/01\/DSC_0090-scaled.jpg\" data-attachment-id=\"4326\" data-type=\"image\" class=\"fg-thumb\"><span class=\"fg-image-wrap\"><img decoding=\"async\" width=\"350\" height=\"350\" class=\"skip-lazy fg-image\" data-src-fg=\"https:\/\/aquaparksopot.pl\/wp-content\/uploads\/cache\/2022\/01\/DSC_0090-scaled\/1086721152.jpg\" src=\"data:image\/svg+xml,%3Csvg%20xmlns%3D%22http%3A%2F%2Fwww.w3.org%2F2000%2Fsvg%22%20width%3D%22350%22%20height%3D%22350%22%20viewBox%3D%220%200%20350%20350%22%3E%3C%2Fsvg%3E\" loading=\"eager\"><\/span><span class=\"fg-image-overlay\"><\/span><\/a><\/figure><div class=\"fg-loader\"><\/div><\/div><\/div>\n\n<p>&nbsp;<\/p>\n<h6><\/h6>\n<p><strong>BODY TREATMENTS<\/strong><br \/>\ncleansing - rituals - skin regeneration<\/p>\n<div  class=\"lgc-column lgc-grid-parent lgc-grid-50 lgc-tablet-grid-50 lgc-mobile-grid-100 lgc-equal-heights\"><div  class=\"inside-grid-column\">\n<h6>Hammam treatment<\/h6>\n<p><strong>60 min, \u00a3 230<\/strong><\/p>\n<p>A traditional cleansing ritual originating from Eastern culture. The treatment begins with relaxation in the steam sauna, which opens the pores and prepares the skin for further care. This is followed by a Kessa glove peeling to remove dead skin and stimulate circulation. This is completed with a foam massage that refreshes, moisturises and leaves the skin silky smooth.<\/p>\n<p><\/p><\/div><\/div>\n<div  class=\"lgc-column lgc-grid-parent lgc-grid-50 lgc-tablet-grid-50 lgc-mobile-grid-100 lgc-equal-heights\"><div  class=\"inside-grid-column\">\n<h6><strong>Hammam ritual <\/strong><\/h6>\n<p><strong>110 min, \u00a3350<\/strong><\/p>\n<p>An extended version of the Hammam with a mud sauna clay set and a relaxing massage. Perfectly cleanses, moisturises and relaxes the body.<\/p>\n<p><\/p><\/div><\/div>\n<style type=\"text\/css\">\n#foogallery-gallery-6739 .fg-image { width: 350px; }\n#foogallery-gallery-6739 { --fg-gutter: 10px; }<\/style>\n\t\t\t<div class=\"foogallery foogallery-container foogallery-default foogallery-lightbox-foobox fg-center fg-default fg-ready fg-light fg-border-thin fg-shadow-outline fg-loading-default fg-loaded-fade-in fg-caption-hover fg-hover-fade fg-hover-zoom\" id=\"foogallery-gallery-6739\" data-foogallery=\"{&quot;item&quot;:{&quot;showCaptionTitle&quot;:true,&quot;showCaptionDescription&quot;:true},&quot;lazy&quot;:true}\" style=\"--fg-title-line-clamp: 0; --fg-description-line-clamp: 0;\" >\n\t<div class=\"fg-item fg-type-image fg-idle\"><figure class=\"fg-item-inner\"><a href=\"https:\/\/aquaparksopot.pl\/wp-content\/uploads\/2022\/01\/84975949_210824030052623_2778507179500503040_n.jpg\" data-attachment-id=\"4322\" data-type=\"image\" class=\"fg-thumb\"><span class=\"fg-image-wrap\"><img decoding=\"async\" width=\"350\" height=\"350\" class=\"skip-lazy fg-image\" data-src-fg=\"https:\/\/aquaparksopot.pl\/wp-content\/uploads\/cache\/2022\/01\/84975949_210824030052623_2778507179500503040_n\/2871903097.jpg\" src=\"data:image\/svg+xml,%3Csvg%20xmlns%3D%22http%3A%2F%2Fwww.w3.org%2F2000%2Fsvg%22%20width%3D%22350%22%20height%3D%22350%22%20viewBox%3D%220%200%20350%20350%22%3E%3C%2Fsvg%3E\" loading=\"eager\"><\/span><span class=\"fg-image-overlay\"><\/span><\/a><\/figure><div class=\"fg-loader\"><\/div><\/div><div class=\"fg-item fg-type-image fg-idle\"><figure class=\"fg-item-inner\"><a href=\"https:\/\/aquaparksopot.pl\/wp-content\/uploads\/2022\/01\/AQUAPARK_056-scaled.jpg\" data-attachment-id=\"4337\" data-type=\"image\" class=\"fg-thumb\"><span class=\"fg-image-wrap\"><img decoding=\"async\" width=\"350\" height=\"350\" class=\"skip-lazy fg-image\" data-src-fg=\"https:\/\/aquaparksopot.pl\/wp-content\/uploads\/cache\/2022\/01\/AQUAPARK_056-scaled\/1061385407.jpg\" src=\"data:image\/svg+xml,%3Csvg%20xmlns%3D%22http%3A%2F%2Fwww.w3.org%2F2000%2Fsvg%22%20width%3D%22350%22%20height%3D%22350%22%20viewBox%3D%220%200%20350%20350%22%3E%3C%2Fsvg%3E\" loading=\"eager\"><\/span><span class=\"fg-image-overlay\"><\/span><\/a><\/figure><div class=\"fg-loader\"><\/div><\/div><div class=\"fg-item fg-type-image fg-idle\"><figure class=\"fg-item-inner\"><a href=\"https:\/\/aquaparksopot.pl\/wp-content\/uploads\/2023\/06\/DSC_0261-scaled.jpg\" data-attachment-id=\"7868\" data-type=\"image\" class=\"fg-thumb\"><span class=\"fg-image-wrap\"><img decoding=\"async\" width=\"350\" height=\"350\" class=\"skip-lazy fg-image\" data-src-fg=\"https:\/\/aquaparksopot.pl\/wp-content\/uploads\/cache\/2023\/06\/DSC_0261-scaled\/3604448874.jpg\" src=\"data:image\/svg+xml,%3Csvg%20xmlns%3D%22http%3A%2F%2Fwww.w3.org%2F2000%2Fsvg%22%20width%3D%22350%22%20height%3D%22350%22%20viewBox%3D%220%200%20350%20350%22%3E%3C%2Fsvg%3E\" loading=\"eager\"><\/span><span class=\"fg-image-overlay\"><\/span><\/a><\/figure><div class=\"fg-loader\"><\/div><\/div><\/div>\n\n<div  class=\"lgc-column lgc-grid-parent lgc-grid-50 lgc-tablet-grid-50 lgc-mobile-grid-100 lgc-equal-heights\"><div  class=\"inside-grid-column\">\n<h6>Women's renewal<\/h6>\n<p><strong>130 min, \u00a3450<\/strong><\/p>\n<p><strong>Mud sauna with clay set, peeling, body massage, facial massage<\/strong><br \/>\nA ritual that comprehensively cares for and regenerates the body and face. It begins with a mud sauna with clays, followed by a full body peeling and massage. This is completed with a facial massage. The skin becomes smooth, radiant and the body deeply relaxed.<\/p>\n<p><\/p><\/div><\/div>\n<div  class=\"lgc-column lgc-grid-parent lgc-grid-50 lgc-tablet-grid-50 lgc-mobile-grid-100 lgc-equal-heights\"><div  class=\"inside-grid-column\">\n<h6>Men's regeneration<\/h6>\n<p><strong>90 min, \u00a3350<\/strong><\/p>\n<p><strong>Peeling, body massage, head massage<\/strong><br \/>\nA refreshing and relaxing ritual, created with men's needs in mind. A peeling cleanses the skin and a body and head massage relaxes tensions. The treatment regenerates and improves well-being.<\/p>\n<p><\/p><\/div><\/div>\n<style type=\"text\/css\">\n#foogallery-gallery-6713 .fg-image { width: 350px; }\n#foogallery-gallery-6713 { --fg-gutter: 10px; }<\/style>\n\t\t\t<div class=\"foogallery foogallery-container foogallery-default foogallery-lightbox-foobox fg-center fg-default fg-ready fg-light fg-border-thin fg-shadow-outline fg-loading-default fg-loaded-fade-in fg-caption-hover fg-hover-fade fg-hover-zoom\" id=\"foogallery-gallery-6713\" data-foogallery=\"{&quot;item&quot;:{&quot;showCaptionTitle&quot;:true,&quot;showCaptionDescription&quot;:true},&quot;lazy&quot;:true}\" style=\"--fg-title-line-clamp: 0; --fg-description-line-clamp: 0;\" >\n\t<div class=\"fg-item fg-type-image fg-idle\"><figure class=\"fg-item-inner\"><a href=\"https:\/\/aquaparksopot.pl\/wp-content\/uploads\/2022\/12\/DSC00688-scaled.jpg\" data-attachment-id=\"6166\" data-type=\"image\" class=\"fg-thumb\"><span class=\"fg-image-wrap\"><img decoding=\"async\" width=\"350\" height=\"350\" class=\"skip-lazy fg-image\" data-src-fg=\"https:\/\/aquaparksopot.pl\/wp-content\/uploads\/cache\/2022\/12\/DSC00688-scaled\/4006859077.jpg\" src=\"data:image\/svg+xml,%3Csvg%20xmlns%3D%22http%3A%2F%2Fwww.w3.org%2F2000%2Fsvg%22%20width%3D%22350%22%20height%3D%22350%22%20viewBox%3D%220%200%20350%20350%22%3E%3C%2Fsvg%3E\" loading=\"eager\"><\/span><span class=\"fg-image-overlay\"><\/span><\/a><\/figure><div class=\"fg-loader\"><\/div><\/div><div class=\"fg-item fg-type-image fg-idle\"><figure class=\"fg-item-inner\"><a href=\"https:\/\/aquaparksopot.pl\/wp-content\/uploads\/2022\/01\/DSC_0155-scaled.jpg\" data-attachment-id=\"4335\" data-type=\"image\" class=\"fg-thumb\"><span class=\"fg-image-wrap\"><img decoding=\"async\" width=\"350\" height=\"350\" class=\"skip-lazy fg-image\" data-src-fg=\"https:\/\/aquaparksopot.pl\/wp-content\/uploads\/cache\/2022\/01\/DSC_0155-scaled\/4020575266.jpg\" src=\"data:image\/svg+xml,%3Csvg%20xmlns%3D%22http%3A%2F%2Fwww.w3.org%2F2000%2Fsvg%22%20width%3D%22350%22%20height%3D%22350%22%20viewBox%3D%220%200%20350%20350%22%3E%3C%2Fsvg%3E\" loading=\"eager\"><\/span><span class=\"fg-image-overlay\"><\/span><\/a><\/figure><div class=\"fg-loader\"><\/div><\/div><div class=\"fg-item fg-type-image fg-idle\"><figure class=\"fg-item-inner\"><a href=\"https:\/\/aquaparksopot.pl\/wp-content\/uploads\/2022\/04\/DSC00673-scaled.jpg\" data-attachment-id=\"4756\" data-type=\"image\" class=\"fg-thumb\"><span class=\"fg-image-wrap\"><img decoding=\"async\" width=\"350\" height=\"350\" class=\"skip-lazy fg-image\" data-src-fg=\"https:\/\/aquaparksopot.pl\/wp-content\/uploads\/cache\/2022\/04\/DSC00673-scaled\/4007240276.jpg\" src=\"data:image\/svg+xml,%3Csvg%20xmlns%3D%22http%3A%2F%2Fwww.w3.org%2F2000%2Fsvg%22%20width%3D%22350%22%20height%3D%22350%22%20viewBox%3D%220%200%20350%20350%22%3E%3C%2Fsvg%3E\" loading=\"eager\"><\/span><span class=\"fg-image-overlay\"><\/span><\/a><\/figure><div class=\"fg-loader\"><\/div><\/div><\/div>\n\n<div  class=\"lgc-column lgc-grid-parent lgc-grid-50 lgc-tablet-grid-50 lgc-mobile-grid-100 lgc-equal-heights\"><div  class=\"inside-grid-column\">\n<p><\/p><\/div><\/div>\n<p>&nbsp;<\/p>\n<p><strong>FACIAL CARE<\/strong><br \/>\nnatural beauty - lift by touch - radiance<\/p>\n<div  class=\"lgc-column lgc-grid-parent lgc-grid-50 lgc-tablet-grid-50 lgc-mobile-grid-100 lgc-equal-heights\"><div  class=\"inside-grid-column\">\n<h6>Relaxing face, neck and d\u00e9collet\u00e9 massage<\/h6>\n<p><strong>40 min, 190 z\u0142<\/strong><\/p>\n<p>It improves circulation, firms and moisturises the complexion. The treatment brings relaxation, eliminates signs of fatigue and restores the skin's natural radiance.<\/p>\n<p><\/p><\/div><\/div>\n<div  class=\"lgc-column lgc-grid-parent lgc-grid-50 lgc-tablet-grid-50 lgc-mobile-grid-100 lgc-equal-heights\"><div  class=\"inside-grid-column\">\n<h6>Modelling facial massage<\/h6>\n<p><strong>60 min, \u00a3230 or 90 min with back massage, \u00a3310<\/strong><\/p>\n<p>Massage includes the face, neck, d\u00e9colletage, nape and head. Combining proprietary techniques with elements of Kobido, Gua Sha, vacuum bubble massage, fascial massage and lymphatic drainage. The massage shallows wrinkles, improves the oval of the face, reduces swelling and bruising under the eyes, firms the skin, reduces muscle tension in the face, neck and chest.<br \/>\n* techniques are selected individually to achieve the best possible effect<br \/>\n* the ideal complement will be a mask selected to suit the skin's needs<\/p>\n<p><\/p><\/div><\/div>\n<style type=\"text\/css\">\n#foogallery-gallery-6716 .fg-image { width: 350px; }\n#foogallery-gallery-6716 { --fg-gutter: 10px; }<\/style>\n\t\t\t<div class=\"foogallery foogallery-container foogallery-default foogallery-lightbox-foobox fg-center fg-default fg-ready fg-light fg-border-thin fg-shadow-outline fg-loading-default fg-loaded-fade-in fg-caption-hover fg-hover-fade fg-hover-zoom\" id=\"foogallery-gallery-6716\" data-foogallery=\"{&quot;item&quot;:{&quot;showCaptionTitle&quot;:true,&quot;showCaptionDescription&quot;:true},&quot;lazy&quot;:true}\" style=\"--fg-title-line-clamp: 0; --fg-description-line-clamp: 0;\" >\n\t<div class=\"fg-item fg-type-image fg-idle\"><figure class=\"fg-item-inner\"><a href=\"https:\/\/aquaparksopot.pl\/wp-content\/uploads\/2022\/04\/DSC00561-scaled.jpg\" data-attachment-id=\"4754\" data-type=\"image\" class=\"fg-thumb\"><span class=\"fg-image-wrap\"><img decoding=\"async\" width=\"350\" height=\"350\" class=\"skip-lazy fg-image\" data-src-fg=\"https:\/\/aquaparksopot.pl\/wp-content\/uploads\/cache\/2022\/04\/DSC00561-scaled\/2916483436.jpg\" src=\"data:image\/svg+xml,%3Csvg%20xmlns%3D%22http%3A%2F%2Fwww.w3.org%2F2000%2Fsvg%22%20width%3D%22350%22%20height%3D%22350%22%20viewBox%3D%220%200%20350%20350%22%3E%3C%2Fsvg%3E\" loading=\"eager\"><\/span><span class=\"fg-image-overlay\"><\/span><\/a><\/figure><div class=\"fg-loader\"><\/div><\/div><div class=\"fg-item fg-type-image fg-idle\"><figure class=\"fg-item-inner\"><a href=\"https:\/\/aquaparksopot.pl\/wp-content\/uploads\/2021\/12\/gabinet-B2-scaled.jpg\" data-attachment-id=\"4134\" data-type=\"image\" class=\"fg-thumb\"><span class=\"fg-image-wrap\"><img decoding=\"async\" width=\"350\" height=\"350\" class=\"skip-lazy fg-image\" data-src-fg=\"https:\/\/aquaparksopot.pl\/wp-content\/uploads\/cache\/2021\/12\/gabinet-B2-scaled\/3699343395.jpg\" src=\"data:image\/svg+xml,%3Csvg%20xmlns%3D%22http%3A%2F%2Fwww.w3.org%2F2000%2Fsvg%22%20width%3D%22350%22%20height%3D%22350%22%20viewBox%3D%220%200%20350%20350%22%3E%3C%2Fsvg%3E\" loading=\"eager\"><\/span><span class=\"fg-image-overlay\"><\/span><\/a><\/figure><div class=\"fg-loader\"><\/div><\/div><div class=\"fg-item fg-type-image fg-idle\"><figure class=\"fg-item-inner\"><a href=\"https:\/\/aquaparksopot.pl\/wp-content\/uploads\/2022\/01\/DSC_0158.jpg\" data-attachment-id=\"4314\" data-type=\"image\" class=\"fg-thumb\"><span class=\"fg-image-wrap\"><img decoding=\"async\" width=\"350\" height=\"350\" class=\"skip-lazy fg-image\" data-src-fg=\"https:\/\/aquaparksopot.pl\/wp-content\/uploads\/cache\/2022\/01\/DSC_0158\/461273769.jpg\" src=\"data:image\/svg+xml,%3Csvg%20xmlns%3D%22http%3A%2F%2Fwww.w3.org%2F2000%2Fsvg%22%20width%3D%22350%22%20height%3D%22350%22%20viewBox%3D%220%200%20350%20350%22%3E%3C%2Fsvg%3E\" loading=\"eager\"><\/span><span class=\"fg-image-overlay\"><\/span><\/a><\/figure><div class=\"fg-loader\"><\/div><\/div><\/div>\n\n<div  class=\"lgc-column lgc-grid-parent lgc-grid-50 lgc-tablet-grid-50 lgc-mobile-grid-100 lgc-equal-heights\"><div  class=\"inside-grid-column\">\n<p><\/p><\/div><\/div>\n<p>&nbsp;<\/p>\n<p><strong>EXCLUSIVE MUD SAUNA<\/strong><br \/>\ndetox - minerals - heat<\/p>\n<div  class=\"lgc-column lgc-grid-parent lgc-grid-50 lgc-tablet-grid-50 lgc-mobile-grid-100 lgc-equal-heights\"><div  class=\"inside-grid-column\">\n<h6><strong>With peat\u00a0<\/strong><\/h6>\n<p><strong> 30 min, \u00a390 (price per person)<\/strong><\/p>\n<p>Rich in minerals, peat cleanses, detoxifies and regenerates the body. It relieves muscle tension, improves circulation and promotes skin recovery.<\/p>\n<p><\/p><\/div><\/div>\n<div  class=\"lgc-column lgc-grid-parent lgc-grid-50 lgc-tablet-grid-50 lgc-mobile-grid-100 lgc-equal-heights\"><div  class=\"inside-grid-column\">\n<h6>With a set of mineral clays for body and face<\/h6>\n<p><strong>30 min, \u00a3100 (price per person)<\/strong><\/p>\n<p>Mineral clays provide the skin with valuable trace elements, cleanse pores and restore the skin's natural radiance. They smooth, refresh and improve the elasticity of the skin.<\/p>\n<p><\/p><\/div><\/div>\n<p>*for each treatment, 30min of sauning free of charge<\/p>\n<style type=\"text\/css\">\n#foogallery-gallery-6737 .fg-image { width: 350px; }\n#foogallery-gallery-6737 { --fg-gutter: 10px; }<\/style>\n\t\t\t<div class=\"foogallery foogallery-container foogallery-default foogallery-lightbox-foobox fg-center fg-default fg-ready fg-light fg-border-thin fg-shadow-outline fg-loading-default fg-loaded-fade-in fg-caption-hover fg-hover-fade fg-hover-zoom\" id=\"foogallery-gallery-6737\" data-foogallery=\"{&quot;item&quot;:{&quot;showCaptionTitle&quot;:true,&quot;showCaptionDescription&quot;:true},&quot;lazy&quot;:true}\" style=\"--fg-title-line-clamp: 0; --fg-description-line-clamp: 0;\" >\n\t<div class=\"fg-item fg-type-image fg-idle\"><figure class=\"fg-item-inner\"><a href=\"https:\/\/aquaparksopot.pl\/wp-content\/uploads\/2023\/06\/DSC_00801-scaled.jpg\" data-attachment-id=\"7867\" data-type=\"image\" class=\"fg-thumb\"><span class=\"fg-image-wrap\"><img decoding=\"async\" width=\"350\" height=\"350\" class=\"skip-lazy fg-image\" data-src-fg=\"https:\/\/aquaparksopot.pl\/wp-content\/uploads\/cache\/2023\/06\/DSC_00801-scaled\/75455394.jpg\" src=\"data:image\/svg+xml,%3Csvg%20xmlns%3D%22http%3A%2F%2Fwww.w3.org%2F2000%2Fsvg%22%20width%3D%22350%22%20height%3D%22350%22%20viewBox%3D%220%200%20350%20350%22%3E%3C%2Fsvg%3E\" loading=\"eager\"><\/span><span class=\"fg-image-overlay\"><\/span><\/a><\/figure><div class=\"fg-loader\"><\/div><\/div><div class=\"fg-item fg-type-image fg-idle\"><figure class=\"fg-item-inner\"><a href=\"https:\/\/aquaparksopot.pl\/wp-content\/uploads\/2020\/03\/saunyspa-caldarium.jpg\" data-attachment-id=\"408\" data-type=\"image\" class=\"fg-thumb\"><span class=\"fg-image-wrap\"><img decoding=\"async\" width=\"350\" height=\"350\" class=\"skip-lazy fg-image\" data-src-fg=\"https:\/\/aquaparksopot.pl\/wp-content\/uploads\/cache\/2020\/03\/saunyspa-caldarium\/1508222058.jpg\" src=\"data:image\/svg+xml,%3Csvg%20xmlns%3D%22http%3A%2F%2Fwww.w3.org%2F2000%2Fsvg%22%20width%3D%22350%22%20height%3D%22350%22%20viewBox%3D%220%200%20350%20350%22%3E%3C%2Fsvg%3E\" loading=\"eager\"><\/span><span class=\"fg-image-overlay\"><\/span><\/a><\/figure><div class=\"fg-loader\"><\/div><\/div><div class=\"fg-item fg-type-image fg-idle\"><figure class=\"fg-item-inner\"><a href=\"https:\/\/aquaparksopot.pl\/wp-content\/uploads\/2021\/06\/DSC_0100-scaled.jpg\" data-attachment-id=\"3236\" data-type=\"image\" class=\"fg-thumb\"><span class=\"fg-image-wrap\"><img decoding=\"async\" width=\"350\" height=\"350\" class=\"skip-lazy fg-image\" data-src-fg=\"https:\/\/aquaparksopot.pl\/wp-content\/uploads\/cache\/2021\/06\/DSC_0100-scaled\/1448538385.jpg\" src=\"data:image\/svg+xml,%3Csvg%20xmlns%3D%22http%3A%2F%2Fwww.w3.org%2F2000%2Fsvg%22%20width%3D%22350%22%20height%3D%22350%22%20viewBox%3D%220%200%20350%20350%22%3E%3C%2Fsvg%3E\" loading=\"eager\"><\/span><span class=\"fg-image-overlay\"><\/span><\/a><\/figure><div class=\"fg-loader\"><\/div><\/div><\/div>\n\n<p>&nbsp;<\/p>\n<p><strong>TREATMENT SUPPLEMENTS<\/strong><br \/>\ndetails that make a difference<\/p>\n<div  class=\"lgc-column lgc-grid-parent lgc-grid-50 lgc-tablet-grid-50 lgc-mobile-grid-100 lgc-equal-heights\"><div  class=\"inside-grid-column\">\n<h6>Peeling treatment<\/h6>\n<p><strong>20 min, \u00a3100<\/strong><\/p>\n<p>Cleanses and smooths the skin, preparing it for better absorption of active ingredients.<\/p>\n<p><\/p><\/div><\/div>\n<div  class=\"lgc-column lgc-grid-parent lgc-grid-50 lgc-tablet-grid-50 lgc-mobile-grid-100 lgc-equal-heights\"><div  class=\"inside-grid-column\">\n<h6>Face mask<\/h6>\n<p><strong>\u00a050 z\u0142<\/strong><\/p>\n<p>The mask is selected individually to the skin's needs<\/p>\n<p><\/p><\/div><\/div>\n<div  class=\"lgc-column lgc-grid-parent lgc-grid-50 lgc-tablet-grid-50 lgc-mobile-grid-100 lgc-equal-heights\"><div  class=\"inside-grid-column\">\n<h6>Hair oiling with scalp massage<\/h6>\n<p><strong>30 min, \u00a3120<\/strong><\/p>\n<p>Natural oils deeply nourish the hair and scalp. The massage improves blood circulation and relaxes, promoting healthy hair growth.<\/p>\n<p><\/p><\/div><\/div>\n<div  class=\"lgc-column lgc-grid-parent lgc-grid-50 lgc-tablet-grid-50 lgc-mobile-grid-100 lgc-equal-heights\"><div  class=\"inside-grid-column\">\n<h6>Salt bath<\/h6>\n<p><strong>20 min, \u00a360<\/strong><\/p>\n<p>A warm water bath with natural mineral salt to relax, detoxify and promote recovery.<\/p>\n<p><\/p><\/div><\/div>\n<div  class=\"lgc-column lgc-grid-parent lgc-grid-50 lgc-tablet-grid-50 lgc-mobile-grid-100 lgc-equal-heights\"><div  class=\"inside-grid-column\">\n<p><\/p><\/div><\/div>","protected":false},"excerpt":{"rendered":"<p>W AquaSpa stawiamy na uwa\u017cn\u0105 prac\u0119 z cia\u0142em \u2013 bez po\u015bpiechu, z obecno\u015bci\u0105 i wyczuciem. \u0141\u0105czymy \u015bwiadomy dotyk z dobroczynn\u0105 moc\u0105 ciep\u0142a saun oraz piel\u0119gnacj\u0105 opart\u0105 na naturalnych olejach i kosmetykach. MASA\u017bE CIA\u0141A relaks \u00b7 g\u0142\u0119bokie rozlu\u017anienie \u00b7 \u015bwiadomy dotyk &nbsp; ZABIEGI NA CIA\u0141O oczyszczanie \u00b7 rytua\u0142y \u00b7 regeneracja sk\u00f3ry &nbsp; PIEL\u0118GNACJA TWARZY naturalne pi\u0119kno [&hellip;]<\/p>\n","protected":false},"author":9,"featured_media":0,"parent":0,"menu_order":0,"comment_status":"closed","ping_status":"closed","template":"","meta":{"_acf_changed":false,"footnotes":""},"class_list":["post-8780","page","type-page","status-publish","hentry"],"acf":[],"aioseo_notices":[],"_links":{"self":[{"href":"https:\/\/aquaparksopot.pl\/en\/wp-json\/wp\/v2\/pages\/8780","targetHints":{"allow":["GET"]}}],"collection":[{"href":"https:\/\/aquaparksopot.pl\/en\/wp-json\/wp\/v2\/pages"}],"about":[{"href":"https:\/\/aquaparksopot.pl\/en\/wp-json\/wp\/v2\/types\/page"}],"author":[{"embeddable":true,"href":"https:\/\/aquaparksopot.pl\/en\/wp-json\/wp\/v2\/users\/9"}],"replies":[{"embeddable":true,"href":"https:\/\/aquaparksopot.pl\/en\/wp-json\/wp\/v2\/comments?post=8780"}],"version-history":[{"count":33,"href":"https:\/\/aquaparksopot.pl\/en\/wp-json\/wp\/v2\/pages\/8780\/revisions"}],"predecessor-version":[{"id":8844,"href":"https:\/\/aquaparksopot.pl\/en\/wp-json\/wp\/v2\/pages\/8780\/revisions\/8844"}],"wp:attachment":[{"href":"https:\/\/aquaparksopot.pl\/en\/wp-json\/wp\/v2\/media?parent=8780"}],"curies":[{"name":"wp","href":"https:\/\/api.w.org\/{rel}","templated":true}]}}