{"id":8797,"date":"2025-11-26T09:24:20","date_gmt":"2025-11-26T08:24:20","guid":{"rendered":"https:\/\/aquaparksopot.pl\/?page_id=8797"},"modified":"2025-11-26T11:25:11","modified_gmt":"2025-11-26T10:25:11","slug":"karty-stalego-klienta","status":"publish","type":"page","link":"https:\/\/aquaparksopot.pl\/en\/karty-stalego-klienta\/","title":{"rendered":"Loyalty cards"},"content":{"rendered":"<h5 style=\"text-align: center;\"><strong>Swimming pool loyalty cards<\/strong><\/h5>\n<p style=\"text-align: center;\">Become a regular customer of Aquapark Sopot and enjoy attractive discounts!<br \/>\nChoose a card with a value to suit your needs and enjoy cheaper access to our services.<\/p>\n<ul>\n<li>The card works like a prepaid wallet - you use the entire pool area until the funds are used up.<\/li>\n<li>You save up to 20% on inputs!<\/li>\n<li>A convenient and cashless form of payment.<\/li>\n<li>You use the swimming pools of Aquapark Sopot on any chosen date (during the opening hours of the facility).<\/li>\n<\/ul>\n<hr \/>\n<div  class=\"lgc-column lgc-grid-parent lgc-grid-33 lgc-tablet-grid-33 lgc-mobile-grid-100 lgc-equal-heights\"><div  class=\"inside-grid-column\">\n<h6><strong>Swimming pool\u00a0 \u00a0 \u00a0 \u00a0 \u00a0 \u00a0 \u00a0 \u00a0 \u00a0 \u00a0 \u00a0 \u00a0 \u00a0 \u00a0 \u00a0\u00a0<\/strong><\/h6>\n<p>card with a value of PLN 120<\/p>\n<p>card with a value of PLN 200<\/p>\n<p>card with a value of PLN 300<\/p>\n<p>card with a value of PLN 500<\/p>\n<p>card with a value of PLN 1,000<\/p>\n<p><\/p><\/div><\/div>\n<div  class=\"lgc-column lgc-grid-parent lgc-grid-33 lgc-tablet-grid-33 lgc-mobile-grid-100 lgc-equal-heights\"><div  class=\"inside-grid-column\">\n<p><strong>price\u00a0 \u00a0 \u00a0 \u00a0 \u00a0 \u00a0 \u00a0 \u00a0 \u00a0 \u00a0<\/strong><\/p>\n<p>108 PLN<\/p>\n<p>180 PLN<\/p>\n<p>270 PLN<\/p>\n<p>425 PLN<\/p>\n<p>800 PLN<\/p>\n<p><\/p><\/div><\/div>\n<div  class=\"lgc-column lgc-grid-parent lgc-grid-33 lgc-tablet-grid-33 lgc-mobile-grid-100 lgc-equal-heights\"><div  class=\"inside-grid-column\">\n<p><strong>time<\/strong><\/p>\n<p>90 days<\/p>\n<p>90 days<\/p>\n<p>180 days<\/p>\n<p>180 days<\/p>\n<p>180 days<\/p>\n<p><\/p><\/div><\/div>\n<p><a href=\"http:\/\/aquaparksopot.pl\/wp-content\/uploads\/2025\/11\/karnet-baseny_formularz_zamowienia.pdf\">Ordering a swimming pool pass<\/a><\/p>\n<p><a href=\"http:\/\/aquaparksopot.pl\/wp-content\/uploads\/2025\/11\/Regulamin-KSK-basen.pdf\">Regulations<\/a><\/p>\n<hr \/>\n<h5 style=\"text-align: center;\"><strong>Swimming pool + sauna loyalty card<\/strong><\/h5>\n<p style=\"text-align: center;\">Combine relaxation with activity!<\/p>\n<p style=\"text-align: center;\">With the KSK BASEN + SAUNA card you can use both the swimming pool and our sauna and spa area.<\/p>\n<ul>\n<li>Free choice - pool, sauna or both areas, plus massages and treatments.<\/li>\n<li>Attractive discounts to\u00a0<strong>15%<\/strong>.<\/li>\n<li>Flexible card validity - up to 180 days.<\/li>\n<\/ul>\n<div  class=\"lgc-column lgc-grid-parent lgc-grid-33 lgc-tablet-grid-33 lgc-mobile-grid-100 lgc-equal-heights\"><div  class=\"inside-grid-column\">\n<h6><strong>Swimming pool + Sauna<\/strong><\/h6>\n<p>card with a value of PLN 120<\/p>\n<p>card with a value of PLN 200<\/p>\n<p>card with a value of PLN 300<\/p>\n<p>card with a value of PLN 500<\/p>\n<p>card with a value of PLN 1,000<\/p>\n<p><\/p><\/div><\/div>\n<div  class=\"lgc-column lgc-grid-parent lgc-grid-33 lgc-tablet-grid-33 lgc-mobile-grid-100 lgc-equal-heights\"><div  class=\"inside-grid-column\">\n<p><strong>price<\/strong><\/p>\n<p>114 PLN<\/p>\n<p>186 PLN<\/p>\n<p>279 PLN<\/p>\n<p>450 PLN<\/p>\n<p>850 PLN<\/p>\n<p><\/p><\/div><\/div>\n<div  class=\"lgc-column lgc-grid-parent lgc-grid-33 lgc-tablet-grid-33 lgc-mobile-grid-100 lgc-equal-heights\"><div  class=\"inside-grid-column\">\n<p><strong>time<\/strong><\/p>\n<p>90 days<\/p>\n<p>90 days<\/p>\n<p>180 days<\/p>\n<p>180 days<\/p>\n<p>180 days<\/p>\n<p><\/p><\/div><\/div>\n<p><a href=\"http:\/\/aquaparksopot.pl\/wp-content\/uploads\/2025\/11\/karnet-baseny_sauny_formularz_zamowienia1-1.pdf\">Ordering a swimming pool + sauna pass<\/a><\/p>\n<p><a href=\"http:\/\/aquaparksopot.pl\/wp-content\/uploads\/2025\/11\/Regulamin-KSK-basen-sauna.pdf\">Regulations<\/a><\/p>\n<hr \/>\n<p><strong>Additional information<\/strong><\/p>\n<ul>\n<li>The card can be used by max. 5 persons.<\/li>\n<li>Loyalty cards cannot be recharged.<\/li>\n<li>Any unused funds after the expiry date will be forfeited.<\/li>\n<li>Purchase the card at the cash desk or Customer Service: tel.<a href=\"tel:+48501194193\">+48 501194193<\/a>, e-mail: <a href=\"mailto:bok@aquaparksopot.pl\">bok@aquaparksopot.pl<\/a><\/li>\n<li>The purchase of the card constitutes acceptance of the PWS Terms and Conditions.<\/li>\n<li>For one-off orders over PLN 10,000, the discount is subject to individual negotiation.<\/li>\n<\/ul>","protected":false},"excerpt":{"rendered":"<p>Karty Sta\u0142ego Klienta Basen Zosta\u0144 sta\u0142ym klientem Aquapark Sopot i korzystaj z atrakcyjnych rabat\u00f3w! Wybierz kart\u0119 o warto\u015bci dopasowanej do Twoich potrzeb i ciesz si\u0119 ta\u0144szym dost\u0119pem do naszych us\u0142ug. Karta dzia\u0142a jak przedp\u0142acony portfel \u2013 korzystasz z ca\u0142ej strefy basenowej a\u017c do wykorzystania \u015brodk\u00f3w. Oszcz\u0119dzasz nawet do 20% na wej\u015bciach! Wygodna i bezgot\u00f3wkowa forma [&hellip;]<\/p>\n","protected":false},"author":9,"featured_media":0,"parent":0,"menu_order":0,"comment_status":"closed","ping_status":"closed","template":"","meta":{"_acf_changed":false,"footnotes":""},"class_list":["post-8797","page","type-page","status-publish","hentry"],"acf":[],"aioseo_notices":[],"_links":{"self":[{"href":"https:\/\/aquaparksopot.pl\/en\/wp-json\/wp\/v2\/pages\/8797","targetHints":{"allow":["GET"]}}],"collection":[{"href":"https:\/\/aquaparksopot.pl\/en\/wp-json\/wp\/v2\/pages"}],"about":[{"href":"https:\/\/aquaparksopot.pl\/en\/wp-json\/wp\/v2\/types\/page"}],"author":[{"embeddable":true,"href":"https:\/\/aquaparksopot.pl\/en\/wp-json\/wp\/v2\/users\/9"}],"replies":[{"embeddable":true,"href":"https:\/\/aquaparksopot.pl\/en\/wp-json\/wp\/v2\/comments?post=8797"}],"version-history":[{"count":7,"href":"https:\/\/aquaparksopot.pl\/en\/wp-json\/wp\/v2\/pages\/8797\/revisions"}],"predecessor-version":[{"id":8824,"href":"https:\/\/aquaparksopot.pl\/en\/wp-json\/wp\/v2\/pages\/8797\/revisions\/8824"}],"wp:attachment":[{"href":"https:\/\/aquaparksopot.pl\/en\/wp-json\/wp\/v2\/media?parent=8797"}],"curies":[{"name":"wp","href":"https:\/\/api.w.org\/{rel}","templated":true}]}}