{"id":926,"date":"2020-04-02T09:09:31","date_gmt":"2020-04-02T07:09:31","guid":{"rendered":"http:\/\/aquaparksopot.pl\/\/?page_id=926"},"modified":"2020-06-29T14:49:48","modified_gmt":"2020-06-29T12:49:48","slug":"kup-bilet","status":"publish","type":"page","link":"https:\/\/aquaparksopot.pl\/en\/kup-bilet\/","title":{"rendered":"Buy a ticket"},"content":{"rendered":"<p><!-- Pocz\u0105tek elementu sprzeda\u017cowego Droplabs.pl. Prosz\u0119 nie modyfikowa\u0107 parametr\u00f3w, mo\u017ce to wp\u0142yn\u0105\u0107 na poprawno\u015b\u0107 dzia\u0142ania sprzeda\u017cy --><br \/>\n<iframe id=\"dl-widget\" style=\"border: 0;width: 100% !important;padding: 0;margin: 0 auto;min-height: 200px;max-width: 1000px;display:block;\" src=\"https:\/\/widget.droplabs.pl\/index.html?facilityId=20&#038;onlineGroupId=361\"><\/iframe><br \/>\n<script type=\"text\/javascript\" src=\"https:\/\/widget.droplabs.pl\/widget.js\"><\/script><br \/>\n<!-- Koniec elementu sprzeda\u017cowego Droplabs.pl --><\/p>","protected":false},"excerpt":{"rendered":"","protected":false},"author":9,"featured_media":0,"parent":0,"menu_order":0,"comment_status":"closed","ping_status":"closed","template":"","meta":{"_acf_changed":false,"footnotes":""},"class_list":["post-926","page","type-page","status-publish","hentry"],"acf":[],"aioseo_notices":[],"_links":{"self":[{"href":"https:\/\/aquaparksopot.pl\/en\/wp-json\/wp\/v2\/pages\/926","targetHints":{"allow":["GET"]}}],"collection":[{"href":"https:\/\/aquaparksopot.pl\/en\/wp-json\/wp\/v2\/pages"}],"about":[{"href":"https:\/\/aquaparksopot.pl\/en\/wp-json\/wp\/v2\/types\/page"}],"author":[{"embeddable":true,"href":"https:\/\/aquaparksopot.pl\/en\/wp-json\/wp\/v2\/users\/9"}],"replies":[{"embeddable":true,"href":"https:\/\/aquaparksopot.pl\/en\/wp-json\/wp\/v2\/comments?post=926"}],"version-history":[{"count":4,"href":"https:\/\/aquaparksopot.pl\/en\/wp-json\/wp\/v2\/pages\/926\/revisions"}],"predecessor-version":[{"id":1834,"href":"https:\/\/aquaparksopot.pl\/en\/wp-json\/wp\/v2\/pages\/926\/revisions\/1834"}],"wp:attachment":[{"href":"https:\/\/aquaparksopot.pl\/en\/wp-json\/wp\/v2\/media?parent=926"}],"curies":[{"name":"wp","href":"https:\/\/api.w.org\/{rel}","templated":true}]}}