{"id":929,"date":"2020-04-02T09:11:18","date_gmt":"2020-04-02T07:11:18","guid":{"rendered":"http:\/\/aquaparksopot.pl\/\/?page_id=929"},"modified":"2020-06-22T09:11:18","modified_gmt":"2020-06-22T07:11:18","slug":"buy-a-ticket","status":"publish","type":"page","link":"https:\/\/aquaparksopot.pl\/en\/buy-a-ticket\/","title":{"rendered":"Buy a ticket"},"content":{"rendered":"<p><!-- Pocz\u0105tek elementu sprzeda\u017cowego Droplabs.pl. Prosz\u0119 nie modyfikowa\u0107 parametr\u00f3w, mo\u017ce to wp\u0142yn\u0105\u0107 na poprawno\u015b\u0107 dzia\u0142ania sprzeda\u017cy --><\/p>\n<p><iframe id=\"dl-widget\" style=\"border: 0;width: 100% !important;padding: 0;margin: 0 auto;min-height: 200px;max-width: 1000%;display:block;\" src=\"https:\/\/widget.droplabs.pl\/index.html?facilityId=20&#038;onlineGroupId=361\"><\/iframe><\/p>\n<p><script type=\"text\/javascript\" src=\"https:\/\/widget.droplabs.pl\/widget.js\"><\/script><\/p>\n<p><!-- Koniec elementu sprzeda\u017cowego Droplabs.pl --><\/p>","protected":false},"excerpt":{"rendered":"","protected":false},"author":9,"featured_media":0,"parent":0,"menu_order":0,"comment_status":"closed","ping_status":"closed","template":"","meta":{"_acf_changed":false,"footnotes":""},"class_list":["post-929","page","type-page","status-publish","hentry"],"acf":[],"aioseo_notices":[],"_links":{"self":[{"href":"https:\/\/aquaparksopot.pl\/en\/wp-json\/wp\/v2\/pages\/929","targetHints":{"allow":["GET"]}}],"collection":[{"href":"https:\/\/aquaparksopot.pl\/en\/wp-json\/wp\/v2\/pages"}],"about":[{"href":"https:\/\/aquaparksopot.pl\/en\/wp-json\/wp\/v2\/types\/page"}],"author":[{"embeddable":true,"href":"https:\/\/aquaparksopot.pl\/en\/wp-json\/wp\/v2\/users\/9"}],"replies":[{"embeddable":true,"href":"https:\/\/aquaparksopot.pl\/en\/wp-json\/wp\/v2\/comments?post=929"}],"version-history":[{"count":3,"href":"https:\/\/aquaparksopot.pl\/en\/wp-json\/wp\/v2\/pages\/929\/revisions"}],"predecessor-version":[{"id":1574,"href":"https:\/\/aquaparksopot.pl\/en\/wp-json\/wp\/v2\/pages\/929\/revisions\/1574"}],"wp:attachment":[{"href":"https:\/\/aquaparksopot.pl\/en\/wp-json\/wp\/v2\/media?parent=929"}],"curies":[{"name":"wp","href":"https:\/\/api.w.org\/{rel}","templated":true}]}}